{"id":67,"date":"2026-02-16T14:48:10","date_gmt":"2026-02-16T13:48:10","guid":{"rendered":"https:\/\/wlr.world\/ce\/newsletter\/"},"modified":"2026-02-16T16:13:10","modified_gmt":"2026-02-16T15:13:10","slug":"newsletter","status":"publish","type":"page","link":"https:\/\/wlr.world\/ce\/newsletter\/","title":{"rendered":"Newsletter"},"content":{"rendered":"<div class=\"newsletter-section\">\n        <div class=\"newsletter-plugin-form-wrapper newsletter-style-default\">\n            <form class=\"newsletter-plugin-form\" id=\"newsletter-plugin-form\" novalidate>\n\n                <!-- Champs cach\u00e9s techniques -->\n                <input type=\"hidden\" id=\"newsletter-captcha-token\" name=\"captcha_token\" value=\"QbynIHSwwYK8jgWTbfVPBx6NNn5aPZsB\">\n                <input type=\"hidden\" id=\"newsletter-form-token\"    name=\"form_token\"    value=\"yBSEWSor3YENQzVR\">\n\n                <!-- Champ honeypot (invisible pour les humains) -->\n                <div class=\"newsletter-honeypot\" aria-hidden=\"true\" style=\"position:absolute;left:-9999px;top:-9999px;opacity:0;height:0;overflow:hidden;\">\n                    <label for=\"newsletter-website\">Ne pas remplir ce champ<\/label>\n                    <input type=\"text\" id=\"newsletter-website\" name=\"website\" value=\"\" tabindex=\"-1\" autocomplete=\"off\">\n                <\/div>\n\n                <div class=\"newsletter-form-body\">\n\n                    <div class=\"newsletter-form-header\">\n                        <h3 class=\"newsletter-form-title\">\n                            Re\u0123istr\u0113ties jaunumiem                        <\/h3>\n                        <p class=\"newsletter-form-subtitle\">\n                            Sa\u0146emiet zi\u0146as, pied\u0101v\u0101jumus un ekskluz\u012bvu saturu                        <\/p>\n                    <\/div>\n\n                    <!-- Type d'abonnement -->\n                    <div class=\"newsletter-form-group newsletter-subscription-type\">\n                        <label class=\"newsletter-radio-label\">\n                            <input type=\"radio\" name=\"subscription_type\" value=\"all\" checked>\n                            <span>Sa\u0146emt visu inform\u0101ciju<\/span>\n                        <\/label>\n                        <label class=\"newsletter-radio-label\">\n                            <input type=\"radio\" name=\"subscription_type\" value=\"important\">\n                            <span>Sa\u0146emt tikai svar\u012bg\u0101ko inform\u0101ciju<\/span>\n                        <\/label>\n                    <\/div>\n\n                    <!-- Nom et Pr\u00e9nom -->\n                    <div class=\"newsletter-form-row\">\n                        <div class=\"newsletter-form-group newsletter-form-col-2\">\n                            <label for=\"newsletter-last-name\">Uzv\u0101rds *<\/label>\n                            <input type=\"text\" id=\"newsletter-last-name\" name=\"last_name\" required autocomplete=\"family-name\">\n                        <\/div>\n                        <div class=\"newsletter-form-group newsletter-form-col-2\">\n                            <label for=\"newsletter-first-name\">V\u0101rds *<\/label>\n                            <input type=\"text\" id=\"newsletter-first-name\" name=\"first_name\" required autocomplete=\"given-name\">\n                        <\/div>\n                    <\/div>\n\n                    <!-- Email -->\n                    <div class=\"newsletter-form-group\">\n                        <label for=\"newsletter-email\">E-pasta adrese *<\/label>\n                        <input type=\"email\" id=\"newsletter-email\" name=\"email\" required autocomplete=\"email\">\n                    <\/div>\n\n                    <!-- Consentement RGPD -->\n                    <div class=\"newsletter-form-group newsletter-checkbox-group\">\n                        <label class=\"newsletter-checkbox-label\">\n                            <input type=\"checkbox\" name=\"consent\" value=\"1\" required>\n                            <span>Piekr\u012btu sa\u0146emt jaunumus e-past\u0101 un pie\u0146emu HuViVe lieto\u0161anas noteikumus *<\/span>\n                        <\/label>\n                    <\/div>\n\n                    <!-- Alertes SMS (optionnel) -->\n                    <div class=\"newsletter-form-group newsletter-checkbox-group\">\n                        <label class=\"newsletter-checkbox-label\">\n                            <input type=\"checkbox\" name=\"sms_alerts\" value=\"1\" id=\"newsletter-sms-alerts\">\n                            <span>V\u0113los sa\u0146emt pazi\u0146ojumus SMS veid\u0101<\/span>\n                        <\/label>\n                    <\/div>\n\n                    <!-- T\u00e9l\u00e9phone (conditionnel) -->\n                    <div class=\"newsletter-form-group newsletter-phone-group\" style=\"display:none;\">\n                        <label for=\"newsletter-phone\">T\u0101lru\u0146a numurs (p\u0113c izv\u0113les)<\/label>\n                        <input type=\"tel\" id=\"newsletter-phone\" name=\"phone\" autocomplete=\"tel\">\n                    <\/div>\n\n                    <!-- CAPTCHA math\u00e9matique -->\n                    <div class=\"newsletter-form-group newsletter-captcha-group\">\n                        <label for=\"newsletter-captcha\">\n                            L\u016bdzu, atrisiniet \u0161o apr\u0113\u0137inu:                            <strong id=\"newsletter-captcha-question\">6 - 1<\/strong> *\n                        <\/label>\n                        <div class=\"newsletter-captcha-input-wrapper\">\n                            <input type=\"number\" id=\"newsletter-captcha\" name=\"captcha_answer\" required min=\"-10\" max=\"20\">\n                            <button type=\"button\" class=\"newsletter-refresh-captcha\" title=\"Nouveau calcul\" aria-label=\"G\u00e9n\u00e9rer un nouveau calcul\">\n                                <svg width=\"16\" height=\"16\" viewBox=\"0 0 16 16\" fill=\"none\" aria-hidden=\"true\">\n                                    <path d=\"M13.65 2.35C12.2 0.9 10.21 0 8 0C3.58 0 0 3.58 0 8C0 12.42 3.58 16 8 16C11.73 16 14.84 13.45 15.73 10H13.65C12.83 12.33 10.61 14 8 14C4.69 14 2 11.31 2 8C2 4.69 4.69 2 8 2C9.66 2 11.14 2.69 12.22 3.78L9 7H16V0L13.65 2.35Z\" fill=\"currentColor\"\/>\n                                <\/svg>\n                            <\/button>\n                        <\/div>\n                    <\/div>\n\n                    <!-- Message d'erreur \/ succ\u00e8s -->\n                    <div class=\"newsletter-form-message\" role=\"alert\" aria-live=\"polite\" style=\"display:none;\"><\/div>\n\n                    <!-- Bouton de soumission -->\n                    <div class=\"newsletter-form-group\">\n                        <button type=\"submit\" class=\"newsletter-submit-btn\">\n                            <span class=\"newsletter-btn-text\">Re\u0123istr\u0113ties<\/span>\n                            <span class=\"newsletter-btn-loader\" style=\"display:none;\" aria-hidden=\"true\">\n                                <svg width=\"20\" height=\"20\" viewBox=\"0 0 20 20\">\n                                    <circle cx=\"10\" cy=\"10\" r=\"8\" stroke=\"currentColor\" stroke-width=\"2\" fill=\"none\" stroke-dasharray=\"50.265\" stroke-dashoffset=\"0\">\n                                        <animateTransform attributeName=\"transform\" type=\"rotate\" from=\"0 10 10\" to=\"360 10 10\" dur=\"1s\" repeatCount=\"indefinite\"\/>\n                                    <\/circle>\n                                <\/svg>\n                            <\/span>\n                        <\/button>\n                    <\/div>\n\n                    <!-- Texte de confidentialit\u00e9 RGPD -->\n                    <div class=\"newsletter-privacy-text\">\n                        <p>J\u016bsu dati ir aizsarg\u0101ti un nek\u0101d\u0101 gad\u012bjum\u0101 netiek p\u0101rdoti t\u0101l\u0101k<\/p>\n                        <p>J\u016bs varat atteikties un dz\u0113st savus datus jebkur\u0101 laik\u0101<\/p>\n                    <\/div>\n\n                <\/div>\n            <\/form>\n        <\/div>\n        \n<\/div>\n","protected":false},"excerpt":{"rendered":"","protected":false},"author":1,"featured_media":0,"parent":0,"menu_order":0,"comment_status":"closed","ping_status":"closed","template":"","meta":{"footnotes":""},"class_list":["post-67","page","type-page","status-publish","hentry","entry"],"_links":{"self":[{"href":"https:\/\/wlr.world\/ce\/wp-json\/wp\/v2\/pages\/67","targetHints":{"allow":["GET"]}}],"collection":[{"href":"https:\/\/wlr.world\/ce\/wp-json\/wp\/v2\/pages"}],"about":[{"href":"https:\/\/wlr.world\/ce\/wp-json\/wp\/v2\/types\/page"}],"author":[{"embeddable":true,"href":"https:\/\/wlr.world\/ce\/wp-json\/wp\/v2\/users\/1"}],"replies":[{"embeddable":true,"href":"https:\/\/wlr.world\/ce\/wp-json\/wp\/v2\/comments?post=67"}],"version-history":[{"count":1,"href":"https:\/\/wlr.world\/ce\/wp-json\/wp\/v2\/pages\/67\/revisions"}],"predecessor-version":[{"id":75,"href":"https:\/\/wlr.world\/ce\/wp-json\/wp\/v2\/pages\/67\/revisions\/75"}],"wp:attachment":[{"href":"https:\/\/wlr.world\/ce\/wp-json\/wp\/v2\/media?parent=67"}],"curies":[{"name":"wp","href":"https:\/\/api.w.org\/{rel}","templated":true}]}}