{"id":68,"date":"2026-02-16T14:47:23","date_gmt":"2026-02-16T13:47:23","guid":{"rendered":"https:\/\/wlr.world\/ctg\/newsletter\/"},"modified":"2026-02-16T16:12:17","modified_gmt":"2026-02-16T15:12:17","slug":"newsletter","status":"publish","type":"page","link":"https:\/\/wlr.world\/ctg\/newsletter\/","title":{"rendered":"Newsletter"},"content":{"rendered":"<div class=\"newsletter-section\">\n        <div class=\"newsletter-plugin-form-wrapper newsletter-style-default\">\n            <form class=\"newsletter-plugin-form\" id=\"newsletter-plugin-form\" novalidate>\n\n                <!-- Champs cach\u00e9s techniques -->\n                <input type=\"hidden\" id=\"newsletter-captcha-token\" name=\"captcha_token\" value=\"ftkvSmPxlbEwxmDGfLwh5UWce8VV7aEd\">\n                <input type=\"hidden\" id=\"newsletter-form-token\"    name=\"form_token\"    value=\"NxWKqCqdnEw413AD\">\n\n                <!-- Champ honeypot (invisible pour les humains) -->\n                <div class=\"newsletter-honeypot\" aria-hidden=\"true\" style=\"position:absolute;left:-9999px;top:-9999px;opacity:0;height:0;overflow:hidden;\">\n                    <label for=\"newsletter-website\">Ne pas remplir ce champ<\/label>\n                    <input type=\"text\" id=\"newsletter-website\" name=\"website\" value=\"\" tabindex=\"-1\" autocomplete=\"off\">\n                <\/div>\n\n                <div class=\"newsletter-form-body\">\n\n                    <div class=\"newsletter-form-header\">\n                        <h3 class=\"newsletter-form-title\">\n                            Feliratkoz\u00e1s h\u00edrlevel\u00fcnkre                        <\/h3>\n                        <p class=\"newsletter-form-subtitle\">\n                            \u00c9rtes\u00fclj\u00f6n a h\u00edrekr\u0151l, aj\u00e1nlatokr\u00f3l \u00e9s exkluz\u00edv tartalmakr\u00f3l                        <\/p>\n                    <\/div>\n\n                    <!-- Type d'abonnement -->\n                    <div class=\"newsletter-form-group newsletter-subscription-type\">\n                        <label class=\"newsletter-radio-label\">\n                            <input type=\"radio\" name=\"subscription_type\" value=\"all\" checked>\n                            <span>Minden inform\u00e1ci\u00f3 k\u00e9r\u00e9se<\/span>\n                        <\/label>\n                        <label class=\"newsletter-radio-label\">\n                            <input type=\"radio\" name=\"subscription_type\" value=\"important\">\n                            <span>Csak a legfontosabb inform\u00e1ci\u00f3k k\u00e9r\u00e9se<\/span>\n                        <\/label>\n                    <\/div>\n\n                    <!-- Nom et Pr\u00e9nom -->\n                    <div class=\"newsletter-form-row\">\n                        <div class=\"newsletter-form-group newsletter-form-col-2\">\n                            <label for=\"newsletter-last-name\">Vezet\u00e9kn\u00e9v *<\/label>\n                            <input type=\"text\" id=\"newsletter-last-name\" name=\"last_name\" required autocomplete=\"family-name\">\n                        <\/div>\n                        <div class=\"newsletter-form-group newsletter-form-col-2\">\n                            <label for=\"newsletter-first-name\">Keresztn\u00e9v *<\/label>\n                            <input type=\"text\" id=\"newsletter-first-name\" name=\"first_name\" required autocomplete=\"given-name\">\n                        <\/div>\n                    <\/div>\n\n                    <!-- Email -->\n                    <div class=\"newsletter-form-group\">\n                        <label for=\"newsletter-email\">E-mail c\u00edm *<\/label>\n                        <input type=\"email\" id=\"newsletter-email\" name=\"email\" required autocomplete=\"email\">\n                    <\/div>\n\n                    <!-- Consentement RGPD -->\n                    <div class=\"newsletter-form-group newsletter-checkbox-group\">\n                        <label class=\"newsletter-checkbox-label\">\n                            <input type=\"checkbox\" name=\"consent\" value=\"1\" required>\n                            <span>Hozz\u00e1j\u00e1rulok a h\u00edrlev\u00e9l e-mailben t\u00f6rt\u00e9n\u0151 fogad\u00e1s\u00e1hoz \u00e9s elfogadom a HuViVe csoport felhaszn\u00e1l\u00e1si felt\u00e9teleit *<\/span>\n                        <\/label>\n                    <\/div>\n\n                    <!-- Alertes SMS (optionnel) -->\n                    <div class=\"newsletter-form-group newsletter-checkbox-group\">\n                        <label class=\"newsletter-checkbox-label\">\n                            <input type=\"checkbox\" name=\"sms_alerts\" value=\"1\" id=\"newsletter-sms-alerts\">\n                            <span>Szeretn\u00e9k SMS-\u00e9rtes\u00edt\u00e9seket kapni<\/span>\n                        <\/label>\n                    <\/div>\n\n                    <!-- T\u00e9l\u00e9phone (conditionnel) -->\n                    <div class=\"newsletter-form-group newsletter-phone-group\" style=\"display:none;\">\n                        <label for=\"newsletter-phone\">Telefonsz\u00e1m (opcion\u00e1lis)<\/label>\n                        <input type=\"tel\" id=\"newsletter-phone\" name=\"phone\" autocomplete=\"tel\">\n                    <\/div>\n\n                    <!-- CAPTCHA math\u00e9matique -->\n                    <div class=\"newsletter-form-group newsletter-captcha-group\">\n                        <label for=\"newsletter-captcha\">\n                            K\u00e9rj\u00fck, oldja meg ezt a feladatot:                            <strong id=\"newsletter-captcha-question\">2 + 4<\/strong> *\n                        <\/label>\n                        <div class=\"newsletter-captcha-input-wrapper\">\n                            <input type=\"number\" id=\"newsletter-captcha\" name=\"captcha_answer\" required min=\"-10\" max=\"20\">\n                            <button type=\"button\" class=\"newsletter-refresh-captcha\" title=\"Nouveau calcul\" aria-label=\"G\u00e9n\u00e9rer un nouveau calcul\">\n                                <svg width=\"16\" height=\"16\" viewBox=\"0 0 16 16\" fill=\"none\" aria-hidden=\"true\">\n                                    <path d=\"M13.65 2.35C12.2 0.9 10.21 0 8 0C3.58 0 0 3.58 0 8C0 12.42 3.58 16 8 16C11.73 16 14.84 13.45 15.73 10H13.65C12.83 12.33 10.61 14 8 14C4.69 14 2 11.31 2 8C2 4.69 4.69 2 8 2C9.66 2 11.14 2.69 12.22 3.78L9 7H16V0L13.65 2.35Z\" fill=\"currentColor\"\/>\n                                <\/svg>\n                            <\/button>\n                        <\/div>\n                    <\/div>\n\n                    <!-- Message d'erreur \/ succ\u00e8s -->\n                    <div class=\"newsletter-form-message\" role=\"alert\" aria-live=\"polite\" style=\"display:none;\"><\/div>\n\n                    <!-- Bouton de soumission -->\n                    <div class=\"newsletter-form-group\">\n                        <button type=\"submit\" class=\"newsletter-submit-btn\">\n                            <span class=\"newsletter-btn-text\">Feliratkoz\u00e1s<\/span>\n                            <span class=\"newsletter-btn-loader\" style=\"display:none;\" aria-hidden=\"true\">\n                                <svg width=\"20\" height=\"20\" viewBox=\"0 0 20 20\">\n                                    <circle cx=\"10\" cy=\"10\" r=\"8\" stroke=\"currentColor\" stroke-width=\"2\" fill=\"none\" stroke-dasharray=\"50.265\" stroke-dashoffset=\"0\">\n                                        <animateTransform attributeName=\"transform\" type=\"rotate\" from=\"0 10 10\" to=\"360 10 10\" dur=\"1s\" repeatCount=\"indefinite\"\/>\n                                    <\/circle>\n                                <\/svg>\n                            <\/span>\n                        <\/button>\n                    <\/div>\n\n                    <!-- Texte de confidentialit\u00e9 RGPD -->\n                    <div class=\"newsletter-privacy-text\">\n                        <p>Az adatai v\u00e9dettek, \u00e9s semmilyen esetben sem ker\u00fclnek tov\u00e1bb\u00e9rt\u00e9kes\u00edt\u00e9sre<\/p>\n                        <p>B\u00e1rmikor leiratkozhat \u00e9s t\u00f6r\u00f6lheti adatait<\/p>\n                    <\/div>\n\n                <\/div>\n            <\/form>\n        <\/div>\n        \n<\/div>\n","protected":false},"excerpt":{"rendered":"","protected":false},"author":1,"featured_media":0,"parent":0,"menu_order":0,"comment_status":"closed","ping_status":"closed","template":"","meta":{"footnotes":""},"class_list":["post-68","page","type-page","status-publish","hentry","entry"],"_links":{"self":[{"href":"https:\/\/wlr.world\/ctg\/wp-json\/wp\/v2\/pages\/68","targetHints":{"allow":["GET"]}}],"collection":[{"href":"https:\/\/wlr.world\/ctg\/wp-json\/wp\/v2\/pages"}],"about":[{"href":"https:\/\/wlr.world\/ctg\/wp-json\/wp\/v2\/types\/page"}],"author":[{"embeddable":true,"href":"https:\/\/wlr.world\/ctg\/wp-json\/wp\/v2\/users\/1"}],"replies":[{"embeddable":true,"href":"https:\/\/wlr.world\/ctg\/wp-json\/wp\/v2\/comments?post=68"}],"version-history":[{"count":1,"href":"https:\/\/wlr.world\/ctg\/wp-json\/wp\/v2\/pages\/68\/revisions"}],"predecessor-version":[{"id":75,"href":"https:\/\/wlr.world\/ctg\/wp-json\/wp\/v2\/pages\/68\/revisions\/75"}],"wp:attachment":[{"href":"https:\/\/wlr.world\/ctg\/wp-json\/wp\/v2\/media?parent=68"}],"curies":[{"name":"wp","href":"https:\/\/api.w.org\/{rel}","templated":true}]}}