{"id":149,"date":"2026-02-16T16:10:54","date_gmt":"2026-02-16T15:10:54","guid":{"rendered":"https:\/\/wlr.world\/fr\/contact\/"},"modified":"2026-02-16T16:10:54","modified_gmt":"2026-02-16T15:10:54","slug":"contact","status":"publish","type":"page","link":"https:\/\/wlr.world\/fr\/contact\/","title":{"rendered":"Contact"},"content":{"rendered":"<div class=\"newsletter-section\">\n<div class=\"wlr-cf-wrapper wlr-cf-contact\"\n          data-form-type=\"contact\"\n     data-lang=\"fr\">\n\n    <!-- Message de retour (succ\u00e8s \/ erreur) -->\n    <div class=\"wlr-cf-response\" role=\"alert\" aria-live=\"polite\" aria-atomic=\"true\" style=\"display:none;\"><\/div>\n\n    <form\n        class=\"wlr-cf-form\"\n        id=\"wlr-form-contact-462\"\n        method=\"post\"\n        action=\"https:\/\/wlr.world\/fr\/wp-admin\/admin-ajax.php\"\n        novalidate\n        autocomplete=\"on\"\n    >\n        <!-- Champs cach\u00e9s obligatoires -->\n        <input type=\"hidden\" name=\"action\"    value=\"wlr_cf_submit\">\n        <input type=\"hidden\" name=\"form_type\" value=\"contact\">\n        <input type=\"hidden\" name=\"wlr_cf_nonce\" id=\"wlr-form-contact-462_nonce\"\n               value=\"17df830ccc\">\n\n        <div class=\"wlr-cf-hp\" aria-hidden=\"true\" tabindex=\"-1\" style=\"position:absolute;left:-9999px;width:1px;height:1px;overflow:hidden;\"><label for=\"wlr_910110f7\">Ne pas remplir<\/label><input type=\"text\" id=\"wlr_910110f7\" name=\"wlr_910110f7\" value=\"\" autocomplete=\"off\" tabindex=\"-1\"><\/div><div class=\"wlr-cf-field wlr-cf-field--text\" data-field=\"nom\"><label for=\"wlr-form-contact-462_nom\">Nom complet <span class=\"wlr-cf-required\" aria-hidden=\"true\">*<\/span><\/label><input type=\"text\" id=\"wlr-form-contact-462_nom\" name=\"nom\" placeholder=\"Votre nom et pr\u00e9nom\" autocomplete=\"off\" required aria-required=\"true\" class=\"wlr-cf-input\"><span class=\"wlr-cf-field-error\" role=\"alert\" aria-live=\"polite\"><\/span><\/div><div class=\"wlr-cf-field wlr-cf-field--email\" data-field=\"email\"><label for=\"wlr-form-contact-462_email\">Adresse email <span class=\"wlr-cf-required\" aria-hidden=\"true\">*<\/span><\/label><input type=\"email\" id=\"wlr-form-contact-462_email\" name=\"email\" placeholder=\"votre@email.com\" autocomplete=\"email\" required aria-required=\"true\" class=\"wlr-cf-input\"><span class=\"wlr-cf-field-error\" role=\"alert\" aria-live=\"polite\"><\/span><\/div><div class=\"wlr-cf-field wlr-cf-field--text\" data-field=\"sujet\"><label for=\"wlr-form-contact-462_sujet\">Sujet <span class=\"wlr-cf-required\" aria-hidden=\"true\">*<\/span><\/label><input type=\"text\" id=\"wlr-form-contact-462_sujet\" name=\"sujet\" placeholder=\"Objet de votre message\" autocomplete=\"off\" required aria-required=\"true\" class=\"wlr-cf-input\"><span class=\"wlr-cf-field-error\" role=\"alert\" aria-live=\"polite\"><\/span><\/div><div class=\"wlr-cf-field wlr-cf-field--textarea\" data-field=\"message\"><label for=\"wlr-form-contact-462_message\">Message <span class=\"wlr-cf-required\" aria-hidden=\"true\">*<\/span><\/label><textarea id=\"wlr-form-contact-462_message\" name=\"message\" placeholder=\"\u00c9crivez votre message ici\u2026\" rows=\"5\" required aria-required=\"true\" class=\"wlr-cf-input wlr-cf-textarea\"><\/textarea><span class=\"wlr-cf-field-error\" role=\"alert\" aria-live=\"polite\"><\/span><\/div><div class=\"wlr-cf-math-challenge\">\n                <label for=\"wlr_math_answer\">V\u00e9rification : <strong>5 + 1 = ?<\/strong><\/label>\n                <input type=\"number\" id=\"wlr_math_answer\" name=\"wlr_math_answer\"\n                       min=\"1\" max=\"18\" required autocomplete=\"off\"\n                       placeholder=\"Votre r\u00e9ponse\" aria-required=\"true\">\n                <input type=\"hidden\" name=\"wlr_math_token\" value=\"34a9d0b71d6f15061ba6245b37d6513d\">\n            <\/div>\n        <!-- Bouton d'envoi -->\n                <div class=\"wlr-cf-field wlr-cf-submit-wrap\">\n            <button type=\"submit\" class=\"wlr-cf-submit\">\n                <span class=\"wlr-cf-btn-label\">Envoyer<\/span>\n                <span class=\"wlr-cf-btn-spinner\" aria-hidden=\"true\" style=\"display:none;\"><\/span>\n            <\/button>\n        <\/div>\n\n    <\/form>\n\n    <!-- Mention RGPD -->\n    <p class=\"wlr-cf-rgpd-notice\">\n                Les donn\u00e9es collect\u00e9es sont uniquement utilis\u00e9es pour traiter votre demande. Consultez notre        <a href=\"https:\/\/wlr.world\/fr\/privacy-policy\" target=\"_blank\" rel=\"noopener\">politique de confidentialit\u00e9<\/a>.\n    <\/p>\n\n<\/div><!-- .wlr-cf-wrapper -->\n        \n<\/div>\n","protected":false},"excerpt":{"rendered":"","protected":false},"author":1,"featured_media":0,"parent":0,"menu_order":0,"comment_status":"closed","ping_status":"closed","template":"","meta":{"footnotes":""},"class_list":["post-149","page","type-page","status-publish","hentry","entry"],"_links":{"self":[{"href":"https:\/\/wlr.world\/fr\/wp-json\/wp\/v2\/pages\/149","targetHints":{"allow":["GET"]}}],"collection":[{"href":"https:\/\/wlr.world\/fr\/wp-json\/wp\/v2\/pages"}],"about":[{"href":"https:\/\/wlr.world\/fr\/wp-json\/wp\/v2\/types\/page"}],"author":[{"embeddable":true,"href":"https:\/\/wlr.world\/fr\/wp-json\/wp\/v2\/users\/1"}],"replies":[{"embeddable":true,"href":"https:\/\/wlr.world\/fr\/wp-json\/wp\/v2\/comments?post=149"}],"version-history":[{"count":0,"href":"https:\/\/wlr.world\/fr\/wp-json\/wp\/v2\/pages\/149\/revisions"}],"wp:attachment":[{"href":"https:\/\/wlr.world\/fr\/wp-json\/wp\/v2\/media?parent=149"}],"curies":[{"name":"wp","href":"https:\/\/api.w.org\/{rel}","templated":true}]}}