{"id":78,"date":"2026-02-16T16:11:10","date_gmt":"2026-02-16T15:11:10","guid":{"rendered":"https:\/\/wlr.world\/tr\/contact\/"},"modified":"2026-02-16T16:11:10","modified_gmt":"2026-02-16T15:11:10","slug":"contact","status":"publish","type":"page","link":"https:\/\/wlr.world\/tr\/contact\/","title":{"rendered":"Contact"},"content":{"rendered":"<div class=\"newsletter-section\">\n<div class=\"wlr-cf-wrapper wlr-cf-contact\"\n          data-form-type=\"contact\"\n     data-lang=\"tr\">\n\n    <!-- Message de retour (succ\u00e8s \/ erreur) -->\n    <div class=\"wlr-cf-response\" role=\"alert\" aria-live=\"polite\" aria-atomic=\"true\" style=\"display:none;\"><\/div>\n\n    <form\n        class=\"wlr-cf-form\"\n        id=\"wlr-form-contact-592\"\n        method=\"post\"\n        action=\"https:\/\/wlr.world\/tr\/wp-admin\/admin-ajax.php\"\n        novalidate\n        autocomplete=\"on\"\n    >\n        <!-- Champs cach\u00e9s obligatoires -->\n        <input type=\"hidden\" name=\"action\"    value=\"wlr_cf_submit\">\n        <input type=\"hidden\" name=\"form_type\" value=\"contact\">\n        <input type=\"hidden\" name=\"wlr_cf_nonce\" id=\"wlr-form-contact-592_nonce\"\n               value=\"608b338b66\">\n\n        <div class=\"wlr-cf-hp\" aria-hidden=\"true\" tabindex=\"-1\" style=\"position:absolute;left:-9999px;width:1px;height:1px;overflow:hidden;\"><label for=\"wlr_21dd5ea7\">Ne pas remplir<\/label><input type=\"text\" id=\"wlr_21dd5ea7\" name=\"wlr_21dd5ea7\" value=\"\" autocomplete=\"off\" tabindex=\"-1\"><\/div><div class=\"wlr-cf-field wlr-cf-field--text\" data-field=\"nom\"><label for=\"wlr-form-contact-592_nom\">Tam ad\u0131 <span class=\"wlr-cf-required\" aria-hidden=\"true\">*<\/span><\/label><input type=\"text\" id=\"wlr-form-contact-592_nom\" name=\"nom\" placeholder=\"Ad\u0131n\u0131z ve soyad\u0131n\u0131z\" autocomplete=\"off\" required aria-required=\"true\" class=\"wlr-cf-input\"><span class=\"wlr-cf-field-error\" role=\"alert\" aria-live=\"polite\"><\/span><\/div><div class=\"wlr-cf-field wlr-cf-field--email\" data-field=\"email\"><label for=\"wlr-form-contact-592_email\">E-posta adresi <span class=\"wlr-cf-required\" aria-hidden=\"true\">*<\/span><\/label><input type=\"email\" id=\"wlr-form-contact-592_email\" name=\"email\" placeholder=\"siz@email.com\" autocomplete=\"email\" required aria-required=\"true\" class=\"wlr-cf-input\"><span class=\"wlr-cf-field-error\" role=\"alert\" aria-live=\"polite\"><\/span><\/div><div class=\"wlr-cf-field wlr-cf-field--text\" data-field=\"sujet\"><label for=\"wlr-form-contact-592_sujet\">Konu <span class=\"wlr-cf-required\" aria-hidden=\"true\">*<\/span><\/label><input type=\"text\" id=\"wlr-form-contact-592_sujet\" name=\"sujet\" placeholder=\"Mesaj\u0131n\u0131z ne hakk\u0131nda\" autocomplete=\"off\" required aria-required=\"true\" class=\"wlr-cf-input\"><span class=\"wlr-cf-field-error\" role=\"alert\" aria-live=\"polite\"><\/span><\/div><div class=\"wlr-cf-field wlr-cf-field--textarea\" data-field=\"message\"><label for=\"wlr-form-contact-592_message\">Mesaj <span class=\"wlr-cf-required\" aria-hidden=\"true\">*<\/span><\/label><textarea id=\"wlr-form-contact-592_message\" name=\"message\" placeholder=\"Mesaj\u0131n\u0131z\u0131 buraya yaz\u0131n\u2026\" rows=\"5\" required aria-required=\"true\" class=\"wlr-cf-input wlr-cf-textarea\"><\/textarea><span class=\"wlr-cf-field-error\" role=\"alert\" aria-live=\"polite\"><\/span><\/div><div class=\"wlr-cf-math-challenge\">\n                <label for=\"wlr_math_answer\">Do\u011frulama: <strong>1 + 9 = ?<\/strong><\/label>\n                <input type=\"number\" id=\"wlr_math_answer\" name=\"wlr_math_answer\"\n                       min=\"1\" max=\"18\" required autocomplete=\"off\"\n                       placeholder=\"Cevab\u0131n\u0131z\" aria-required=\"true\">\n                <input type=\"hidden\" name=\"wlr_math_token\" value=\"67e8e4f065934f31a4c4d848a5cca3f3\">\n            <\/div>\n        <!-- Bouton d'envoi -->\n                <div class=\"wlr-cf-field wlr-cf-submit-wrap\">\n            <button type=\"submit\" class=\"wlr-cf-submit\">\n                <span class=\"wlr-cf-btn-label\">G\u00f6nder<\/span>\n                <span class=\"wlr-cf-btn-spinner\" aria-hidden=\"true\" style=\"display:none;\"><\/span>\n            <\/button>\n        <\/div>\n\n    <\/form>\n\n    <!-- Mention RGPD -->\n    <p class=\"wlr-cf-rgpd-notice\">\n                Toplanan veriler yaln\u0131zca talebinizi i\u015flemek i\u00e7in kullan\u0131l\u0131r. L\u00fctfen        <a href=\"https:\/\/wlr.world\/tr\/privacy-policy\" target=\"_blank\" rel=\"noopener\">gizlilik politikam\u0131z\u0131<\/a>.\n    <\/p>\n\n<\/div><!-- .wlr-cf-wrapper -->\n        \n<\/div>\n","protected":false},"excerpt":{"rendered":"","protected":false},"author":1,"featured_media":0,"parent":0,"menu_order":0,"comment_status":"closed","ping_status":"closed","template":"","meta":{"footnotes":""},"class_list":["post-78","page","type-page","status-publish","hentry","entry"],"_links":{"self":[{"href":"https:\/\/wlr.world\/tr\/wp-json\/wp\/v2\/pages\/78","targetHints":{"allow":["GET"]}}],"collection":[{"href":"https:\/\/wlr.world\/tr\/wp-json\/wp\/v2\/pages"}],"about":[{"href":"https:\/\/wlr.world\/tr\/wp-json\/wp\/v2\/types\/page"}],"author":[{"embeddable":true,"href":"https:\/\/wlr.world\/tr\/wp-json\/wp\/v2\/users\/1"}],"replies":[{"embeddable":true,"href":"https:\/\/wlr.world\/tr\/wp-json\/wp\/v2\/comments?post=78"}],"version-history":[{"count":0,"href":"https:\/\/wlr.world\/tr\/wp-json\/wp\/v2\/pages\/78\/revisions"}],"wp:attachment":[{"href":"https:\/\/wlr.world\/tr\/wp-json\/wp\/v2\/media?parent=78"}],"curies":[{"name":"wp","href":"https:\/\/api.w.org\/{rel}","templated":true}]}}