{"id":79,"date":"2026-02-16T16:11:28","date_gmt":"2026-02-16T15:11:28","guid":{"rendered":"https:\/\/wlr.world\/yo\/contact\/"},"modified":"2026-02-16T16:11:28","modified_gmt":"2026-02-16T15:11:28","slug":"contact","status":"publish","type":"page","link":"https:\/\/wlr.world\/yo\/contact\/","title":{"rendered":"Contact"},"content":{"rendered":"<div class=\"newsletter-section\">\n<div class=\"wlr-cf-wrapper wlr-cf-contact\"\n          data-form-type=\"contact\"\n     data-lang=\"yo\">\n\n    <!-- Message de retour (succ\u00e8s \/ erreur) -->\n    <div class=\"wlr-cf-response\" role=\"alert\" aria-live=\"polite\" aria-atomic=\"true\" style=\"display:none;\"><\/div>\n\n    <form\n        class=\"wlr-cf-form\"\n        id=\"wlr-form-contact-705\"\n        method=\"post\"\n        action=\"https:\/\/wlr.world\/yo\/wp-admin\/admin-ajax.php\"\n        novalidate\n        autocomplete=\"on\"\n    >\n        <!-- Champs cach\u00e9s obligatoires -->\n        <input type=\"hidden\" name=\"action\"    value=\"wlr_cf_submit\">\n        <input type=\"hidden\" name=\"form_type\" value=\"contact\">\n        <input type=\"hidden\" name=\"wlr_cf_nonce\" id=\"wlr-form-contact-705_nonce\"\n               value=\"39a2169aff\">\n\n        <div class=\"wlr-cf-hp\" aria-hidden=\"true\" tabindex=\"-1\" style=\"position:absolute;left:-9999px;width:1px;height:1px;overflow:hidden;\"><label for=\"wlr_d307eba8\">Ne pas remplir<\/label><input type=\"text\" id=\"wlr_d307eba8\" name=\"wlr_d307eba8\" value=\"\" autocomplete=\"off\" tabindex=\"-1\"><\/div><div class=\"wlr-cf-field wlr-cf-field--text\" data-field=\"nom\"><label for=\"wlr-form-contact-705_nom\">Or\u00fak\u1ecd k\u00edk\u00fan <span class=\"wlr-cf-required\" aria-hidden=\"true\">*<\/span><\/label><input type=\"text\" id=\"wlr-form-contact-705_nom\" name=\"nom\" placeholder=\"Or\u00fak\u1ecd \u00e0k\u1ecd\u0301k\u1ecd\u0301 \u00e0ti \u00ecd\u00edl\u00e9 r\u1eb9\" autocomplete=\"off\" required aria-required=\"true\" class=\"wlr-cf-input\"><span class=\"wlr-cf-field-error\" role=\"alert\" aria-live=\"polite\"><\/span><\/div><div class=\"wlr-cf-field wlr-cf-field--email\" data-field=\"email\"><label for=\"wlr-form-contact-705_email\">\u00c0d\u00edr\u1eb9\u0301s\u00ec \u00ecm\u00e9\u00e8l\u00ec <span class=\"wlr-cf-required\" aria-hidden=\"true\">*<\/span><\/label><input type=\"email\" id=\"wlr-form-contact-705_email\" name=\"email\" placeholder=\"iw\u1ecd@imeeli.com\" autocomplete=\"email\" required aria-required=\"true\" class=\"wlr-cf-input\"><span class=\"wlr-cf-field-error\" role=\"alert\" aria-live=\"polite\"><\/span><\/div><div class=\"wlr-cf-field wlr-cf-field--text\" data-field=\"sujet\"><label for=\"wlr-form-contact-705_sujet\">\u00c0k\u1ecdl\u00e9 <span class=\"wlr-cf-required\" aria-hidden=\"true\">*<\/span><\/label><input type=\"text\" id=\"wlr-form-contact-705_sujet\" name=\"sujet\" placeholder=\"K\u00edn\u00ed \u00ecr\u00f2y\u00ecn r\u1eb9 j\u1eb9\u0301 n\u00edpa\" autocomplete=\"off\" required aria-required=\"true\" class=\"wlr-cf-input\"><span class=\"wlr-cf-field-error\" role=\"alert\" aria-live=\"polite\"><\/span><\/div><div class=\"wlr-cf-field wlr-cf-field--textarea\" data-field=\"message\"><label for=\"wlr-form-contact-705_message\">\u00ccr\u00f2y\u00ecn <span class=\"wlr-cf-required\" aria-hidden=\"true\">*<\/span><\/label><textarea id=\"wlr-form-contact-705_message\" name=\"message\" placeholder=\"K\u1ecd \u00ecr\u00f2y\u00ecn r\u1eb9 s\u00edh\u00ecn\u2026\" rows=\"5\" required aria-required=\"true\" class=\"wlr-cf-input wlr-cf-textarea\"><\/textarea><span class=\"wlr-cf-field-error\" role=\"alert\" aria-live=\"polite\"><\/span><\/div><div class=\"wlr-cf-math-challenge\">\n                <label for=\"wlr_math_answer\">\u00ccj\u1eb9\u0301r\u00ec\u00eds\u00ed: <strong>5 + 7 = ?<\/strong><\/label>\n                <input type=\"number\" id=\"wlr_math_answer\" name=\"wlr_math_answer\"\n                       min=\"1\" max=\"18\" required autocomplete=\"off\"\n                       placeholder=\"\u00ccd\u00e1h\u00f9n r\u1eb9\" aria-required=\"true\">\n                <input type=\"hidden\" name=\"wlr_math_token\" value=\"337a8f2728a3d0079a5511c5078f8cae\">\n            <\/div>\n        <!-- Bouton d'envoi -->\n                <div class=\"wlr-cf-field wlr-cf-submit-wrap\">\n            <button type=\"submit\" class=\"wlr-cf-submit\">\n                <span class=\"wlr-cf-btn-label\">Fi r\u00e1n\u1e63\u1eb9\u0301<\/span>\n                <span class=\"wlr-cf-btn-spinner\" aria-hidden=\"true\" style=\"display:none;\"><\/span>\n            <\/button>\n        <\/div>\n\n    <\/form>\n\n    <!-- Mention RGPD -->\n    <p class=\"wlr-cf-rgpd-notice\">\n                \u00c0w\u1ecdn d\u00e1t\u00e0 t\u00ed a k\u00f3 j\u1ecd ni a \u0144 l\u00f2 f\u00fan \u00ect\u1ecd\u0301j\u00fa \u00ecb\u00e9\u00e8r\u00e8 r\u1eb9 n\u00eckan. J\u1ecdw\u1ecd wo        <a href=\"https:\/\/wlr.world\/yo\/privacy-policy\" target=\"_blank\" rel=\"noopener\">\u00ecl\u00e0n\u00e0 \u00e0\u1e63\u00edr\u00ed<\/a>.\n    <\/p>\n\n<\/div><!-- .wlr-cf-wrapper -->\n        \n<\/div>\n","protected":false},"excerpt":{"rendered":"","protected":false},"author":1,"featured_media":0,"parent":0,"menu_order":0,"comment_status":"closed","ping_status":"closed","template":"","meta":{"footnotes":""},"class_list":["post-79","page","type-page","status-publish","hentry","entry"],"_links":{"self":[{"href":"https:\/\/wlr.world\/yo\/wp-json\/wp\/v2\/pages\/79","targetHints":{"allow":["GET"]}}],"collection":[{"href":"https:\/\/wlr.world\/yo\/wp-json\/wp\/v2\/pages"}],"about":[{"href":"https:\/\/wlr.world\/yo\/wp-json\/wp\/v2\/types\/page"}],"author":[{"embeddable":true,"href":"https:\/\/wlr.world\/yo\/wp-json\/wp\/v2\/users\/1"}],"replies":[{"embeddable":true,"href":"https:\/\/wlr.world\/yo\/wp-json\/wp\/v2\/comments?post=79"}],"version-history":[{"count":0,"href":"https:\/\/wlr.world\/yo\/wp-json\/wp\/v2\/pages\/79\/revisions"}],"wp:attachment":[{"href":"https:\/\/wlr.world\/yo\/wp-json\/wp\/v2\/media?parent=79"}],"curies":[{"name":"wp","href":"https:\/\/api.w.org\/{rel}","templated":true}]}}